{"id":10,"date":"2009-06-12T14:14:09","date_gmt":"2009-06-12T12:14:09","guid":{"rendered":"http:\/\/www.polakovi.info\/?page_id=10"},"modified":"2011-04-17T21:56:49","modified_gmt":"2011-04-17T19:56:49","slug":"zkouska-stranky","status":"publish","type":"page","link":"https:\/\/www.polakovi.info\/?page_id=10","title":{"rendered":"POJI\u0160T\u011aN\u00cd"},"content":{"rendered":"<h1 style=\"text-align: center;\"><span style=\"color: #993300;\"><span style=\"color: #800000;\"><span style=\"color: #0000ff;\"> <\/span><\/span><\/span><span style=\"color: #993300;\"><span style=\"color: #800000;\"><span style=\"color: #0000ff;\">U n\u00e1s si m\u016f\u017eete uzav\u0159\u00edt poji\u0161t\u011bn\u00ed<\/span><\/span><\/span><\/h1>\n<h1 style=\"text-align: center;\"><span style=\"color: #0000ff;\"> \u010cesk\u00e9 podnikatelsk\u00e9 poji\u0161\u0165ovny a.s., <\/span><\/h1>\n<h1 style=\"text-align: center;\"><span style=\"color: #0000ff;\">Vienna Insurance Group<\/span><\/h1>\n","protected":false},"excerpt":{"rendered":"<p>U n\u00e1s si m\u016f\u017eete uzav\u0159\u00edt poji\u0161t\u011bn\u00ed \u010cesk\u00e9 podnikatelsk\u00e9 poji\u0161\u0165ovny a.s., Vienna Insurance Group<\/p>\n","protected":false},"author":2,"featured_media":0,"parent":0,"menu_order":0,"comment_status":"open","ping_status":"open","template":"","meta":{"footnotes":""},"class_list":["post-10","page","type-page","status-publish","hentry"],"_links":{"self":[{"href":"https:\/\/www.polakovi.info\/index.php?rest_route=\/wp\/v2\/pages\/10","targetHints":{"allow":["GET"]}}],"collection":[{"href":"https:\/\/www.polakovi.info\/index.php?rest_route=\/wp\/v2\/pages"}],"about":[{"href":"https:\/\/www.polakovi.info\/index.php?rest_route=\/wp\/v2\/types\/page"}],"author":[{"embeddable":true,"href":"https:\/\/www.polakovi.info\/index.php?rest_route=\/wp\/v2\/users\/2"}],"replies":[{"embeddable":true,"href":"https:\/\/www.polakovi.info\/index.php?rest_route=%2Fwp%2Fv2%2Fcomments&post=10"}],"version-history":[{"count":34,"href":"https:\/\/www.polakovi.info\/index.php?rest_route=\/wp\/v2\/pages\/10\/revisions"}],"predecessor-version":[{"id":14,"href":"https:\/\/www.polakovi.info\/index.php?rest_route=\/wp\/v2\/pages\/10\/revisions\/14"}],"wp:attachment":[{"href":"https:\/\/www.polakovi.info\/index.php?rest_route=%2Fwp%2Fv2%2Fmedia&parent=10"}],"curies":[{"name":"wp","href":"https:\/\/api.w.org\/{rel}","templated":true}]}}