{"id":474,"date":"2011-04-21T11:18:00","date_gmt":"2011-04-21T09:18:00","guid":{"rendered":"http:\/\/www.polakovi.info\/?page_id=474"},"modified":"2025-03-24T14:37:21","modified_gmt":"2025-03-24T13:37:21","slug":"cestovni-pojisteni","status":"publish","type":"page","link":"https:\/\/www.polakovi.info\/?page_id=474","title":{"rendered":"&#8211; cestovn\u00ed poji\u0161t\u011bn\u00ed"},"content":{"rendered":"<h2><span style=\"color: #333399;\">Komplexn\u00ed cestovn\u00ed poji\u0161t\u011bn\u00ed \u010cPP a.s.,VIG:<\/span><\/h2>\n<ul>\n<li><span style=\"color: #800000;\"><strong>poji\u0161t\u011bn\u00ed l\u00e9\u010debn\u00fdch v\u00fdloh<\/strong> <\/span>&#8211; kryje nutnou a neodkladnou l\u00e9\u010dbu n\u00e1hl\u00fdch onemocn\u011bn\u00ed, n\u00e1hl\u00fdch poruch zdrav\u00ed nebo \u00faraz\u016f, jednoduch\u00e9 o\u0161et\u0159en\u00ed zub\u016f, repatriaci poji\u0161t\u011bn\u00e9ho a p\u0159evoz t\u011blesn\u00fdch ostatk\u016f, bez spolu\u00fa\u010dasti , (spolu\u00fa\u010dast pacienta \u010din\u00ed v zem\u00edch EU a\u017e 60% a u stomatologick\u00e9 p\u00e9\u010de a\u017e 100%)<\/li>\n<li><span style=\"color: #800000;\"><strong>poji\u0161t\u011bn\u00ed \u00farazov\u00e9<\/strong><\/span><\/li>\n<li><span style=\"color: #800000;\"><strong>poji\u0161t\u011bn\u00ed zavazadel<\/strong><\/span><\/li>\n<li><span style=\"color: #800000;\"><strong>poji\u0161t\u011bn\u00ed odpov\u011bdnosti za \u0161kodu p\u0159i cest\u00e1ch a pobytu<\/strong><\/span><\/li>\n<li><span style=\"color: #800000;\"><strong>poji\u0161t\u011bn\u00ed storna z\u00e1jezdu<\/strong><\/span><\/li>\n<li><span style=\"color: #800000;\"><strong>poji\u0161t\u011bn\u00ed zpo\u017ed\u011bn\u00ed letu<\/strong><\/span><\/li>\n<li><span style=\"color: #800000;\"><strong>poji\u0161t\u011bn\u00ed zpo\u017ed\u011bn\u00ed zavazadel<\/strong><\/span><\/li>\n<li><span style=\"color: #800000;\"><strong>\u00fanos letadla<\/strong><\/span><\/li>\n<li><span style=\"color: #800000;\"><strong>poji\u0161t\u011bn\u00ed nevyu\u017eit\u00e9 dovolen\u00e9<\/strong><\/span><\/li>\n<li><span style=\"color: #800000;\"><strong>poji\u0161t\u011bn\u00ed n\u00e1klad\u016f na veterin\u00e1rn\u00ed l\u00e9\u010dbu zv\u00ed\u0159ete v zahrani\u010d\u00ed<\/strong><\/span><\/li>\n<li><span style=\"color: #800000;\"><strong>L\u00c9TO PLUS<\/strong><\/span><\/li>\n<li><span style=\"color: #800000;\"><strong>ZIMA PLUS<\/strong><\/span><\/li>\n<li><span style=\"color: #800000;\"><strong>GOLF PLUS<\/strong><\/span><\/li>\n<\/ul>\n","protected":false},"excerpt":{"rendered":"<p>Komplexn\u00ed cestovn\u00ed poji\u0161t\u011bn\u00ed \u010cPP a.s.,VIG: poji\u0161t\u011bn\u00ed l\u00e9\u010debn\u00fdch v\u00fdloh &#8211; kryje nutnou a neodkladnou l\u00e9\u010dbu n\u00e1hl\u00fdch onemocn\u011bn\u00ed, n\u00e1hl\u00fdch poruch zdrav\u00ed nebo \u00faraz\u016f, jednoduch\u00e9 o\u0161et\u0159en\u00ed zub\u016f, repatriaci poji\u0161t\u011bn\u00e9ho a p\u0159evoz t\u011blesn\u00fdch ostatk\u016f, bez spolu\u00fa\u010dasti , (spolu\u00fa\u010dast pacienta \u010din\u00ed v zem\u00edch EU a\u017e 60% a u stomatologick\u00e9 p\u00e9\u010de a\u017e 100%) poji\u0161t\u011bn\u00ed \u00farazov\u00e9 poji\u0161t\u011bn\u00ed zavazadel poji\u0161t\u011bn\u00ed odpov\u011bdnosti za \u0161kodu [&hellip;]<\/p>\n","protected":false},"author":2,"featured_media":0,"parent":10,"menu_order":5,"comment_status":"closed","ping_status":"open","template":"","meta":{"footnotes":""},"class_list":["post-474","page","type-page","status-publish","hentry"],"_links":{"self":[{"href":"https:\/\/www.polakovi.info\/index.php?rest_route=\/wp\/v2\/pages\/474","targetHints":{"allow":["GET"]}}],"collection":[{"href":"https:\/\/www.polakovi.info\/index.php?rest_route=\/wp\/v2\/pages"}],"about":[{"href":"https:\/\/www.polakovi.info\/index.php?rest_route=\/wp\/v2\/types\/page"}],"author":[{"embeddable":true,"href":"https:\/\/www.polakovi.info\/index.php?rest_route=\/wp\/v2\/users\/2"}],"replies":[{"embeddable":true,"href":"https:\/\/www.polakovi.info\/index.php?rest_route=%2Fwp%2Fv2%2Fcomments&post=474"}],"version-history":[{"count":34,"href":"https:\/\/www.polakovi.info\/index.php?rest_route=\/wp\/v2\/pages\/474\/revisions"}],"predecessor-version":[{"id":28451,"href":"https:\/\/www.polakovi.info\/index.php?rest_route=\/wp\/v2\/pages\/474\/revisions\/28451"}],"up":[{"embeddable":true,"href":"https:\/\/www.polakovi.info\/index.php?rest_route=\/wp\/v2\/pages\/10"}],"wp:attachment":[{"href":"https:\/\/www.polakovi.info\/index.php?rest_route=%2Fwp%2Fv2%2Fmedia&parent=474"}],"curies":[{"name":"wp","href":"https:\/\/api.w.org\/{rel}","templated":true}]}}