{"id":72,"date":"2009-06-12T20:13:55","date_gmt":"2009-06-12T18:13:55","guid":{"rendered":"http:\/\/www.polakovi.info\/?page_id=72"},"modified":"2016-01-05T11:09:13","modified_gmt":"2016-01-05T10:09:13","slug":"povinne-ruceni","status":"publish","type":"page","link":"https:\/\/www.polakovi.info\/?page_id=72","title":{"rendered":"&#8211; poji\u0161t\u011bn\u00ed vozidel"},"content":{"rendered":"<h2 style=\"text-align: center;\"><span style=\"color: #000080;\"> Povinn\u00e9 ru\u010den\u00ed\u00a0na osobn\u00ed, n\u00e1kladn\u00ed, jednostop\u00e1<\/span><span style=\"color: #000080;\"> a dal\u0161\u00ed vozidla <\/span><span style=\"color: #000080;\">od \u010cesk\u00e9\u00a0podnikatelsk\u00e9 poji\u0161\u0165ovny\u00a0a.s., Vienna Insurance Group :<\/span><span style=\"color: #000080;\"><br \/>\n<em> <\/em><\/span><\/h2>\n<p><em> <\/em><\/p>\n<p><span style=\"color: #000080;\"><em> <\/em><\/span><span style=\"color: #993366;\"><em>1.)\u00a0 <span style=\"text-decoration: underline;\">SPOROPOV<\/span> &#8211; povinn\u00e9 ru\u010den\u00ed se z\u00e1kladn\u00edmi limity pojistn\u00e9ho pln\u011bn\u00ed 35\/35 mil. K\u010d pro \u00fajmy na zdrav\u00ed a majetku je ur\u010deno pro majitele v\u0161ech vozidel s v\u00fdjimkou n\u00e1kladn\u00edho automobilu nad 12 t , autobus\u016f nad 5 t a taha\u010de n\u00e1v\u011bs\u016f. Toto poji\u0161t\u011bn\u00ed je mo\u017en\u00e9 sjednat se spolu\u00fa\u010dast\u00ed ve v\u00fd\u0161i 12 000,-K\u010d pro pojistn\u00e9 ud\u00e1losti vznikl\u00e9 mimo \u00fazem\u00ed \u010cR.\u00a0 P\u0159\u00edklady pro osobn\u00ed vozidla\u00a0bez spolu\u00fa\u010dasti:<\/em> <\/span><span style=\"color: #993366;\"><br \/>\n<\/span><\/p>\n<address style=\"text-align: center;\"><span style=\"color: #993366;\">do\u00a01000 ccm&#8230;&#8230;&#8230;&#8230;&#8230;&#8230;&#8230;&#8230;&#8230;&#8230;&#8230;&#8230;&#8230;.. 1 222,-K\u010d<\/span><\/address>\n<address style=\"text-align: center;\"><span style=\"color: #993366;\">do\u00a01350 ccm a do 50 kW&#8230;&#8230;&#8230;&#8230;&#8230;&#8230;.. 1 557,-K\u010d<\/span><\/address>\n<address style=\"text-align: center;\"><span style=\"color: #993366;\">do 1350 ccm\u00a0a nad 50 kW v\u010detn\u011b&#8230;&#8230; 1 630,-K\u010d<\/span><\/address>\n<address style=\"text-align: center;\"><span style=\"color: #993366;\">do\u00a01850 ccm a do 70 kW&#8230;&#8230;&#8230;&#8230;&#8230;&#8230;..\u00a02 220,-K\u010d<\/span><\/address>\n<address style=\"text-align: center;\"><span style=\"color: #993366;\">do\u00a01850 ccm a nad 70 kW v\u010detn\u011b&#8230;&#8230;\u00a02 079,-K\u010d<\/span><\/address>\n<address style=\"text-align: center;\"><span style=\"color: #993366;\">do\u00a02500 ccm a do 85 kW&#8230;&#8230;&#8230;&#8230;&#8230;&#8230;&#8230; 2 943,-K\u010d<\/span><\/address>\n<address style=\"text-align: center;\"><span style=\"color: #993366;\">do 2500 ccm a nad 85 kW v\u010detn\u011b&#8230;.. 3 094,-K\u010d<\/span><\/address>\n<address style=\"text-align: center;\"><span style=\"color: #993366;\">nad\u00a02500 ccm&#8230;&#8230;&#8230;&#8230;&#8230;&#8230;&#8230;&#8230;&#8230;&#8230;&#8230;&#8230;&#8230;.\u00a03 941,-K\u010d<\/span><\/address>\n<p><em> <\/em><\/p>\n<address style=\"text-align: center;\"> <\/address>\n<address style=\"text-align: center;\"> <\/address>\n<address style=\"text-align: left;\"><em> <\/em><span style=\"color: #993366;\">2.)\u00a0 <span style=\"text-decoration: underline;\">SPECI\u00c1LPOV<\/span> &#8211;\u00a0povinn\u00e9 ru\u010den\u00ed s limity pojistn\u00e9ho pln\u011bn\u00ed 50\/50 mil. K\u010d pro \u00fajmy na zdrav\u00ed a majetku, rozs\u00e1hlou asisten\u010dn\u00ed slu\u017ebou i p\u0159i poru\u0161e vozidla a \u00farazov\u00fdm poji\u0161t\u011bn\u00edm sedadla \u0159idi\u010de je nejprod\u00e1van\u011bj\u0161\u00edm typem povinn\u00e9ho ru\u010den\u00ed v \u010cPP. Klient m\u00e1 n\u00e1rok na sn\u00ed\u017een\u00e9 pojistn\u00e9 vybran\u00fdch dopl\u0148kov\u00fdch poji\u0161t\u011bn\u00ed a poji\u0161t\u011bn\u00ed voz\u00edku do 750 kg zdarma.<\/span><\/address>\n<address style=\"text-align: left;\"><span style=\"color: #993366;\"><br \/>\n<\/span><\/address>\n<address style=\"text-align: left;\"><span style=\"color: #993366;\">3.) <span style=\"text-decoration: underline;\">SUPERPOV<\/span> &#8211; povinn\u00e9 ru\u010den\u00ed s limity pojistn\u00e9ho pln\u011bn\u00ed 111\/111 mil. K\u010d pro \u00fajmy na zdrav\u00ed a majetku, dvojn\u00e1sobn\u00fdmi limity \u00farazov\u00e9ho poji\u0161t\u011bn\u00ed \u0159idi\u010de ve vozidle (mimo motocykly, motorov\u00e9 t\u0159\u00edkolky a\u00a0motorov\u00e9 \u010dty\u0159kolky) v\u010detn\u011b roz\u0161\u00ed\u0159en\u00fdch asisten\u010dn\u00edch slu\u017eeb p\u0159i poru\u0161e i nehod\u011b je ur\u010deno pro ty, kte\u0159\u00ed hledaj\u00ed maxim\u00e1ln\u00ed pojistnou ochranu. P\u0159i sjedn\u00e1n\u00ed poji\u0161t\u011bn\u00ed SUPERPOV nen\u00ed v p\u0159\u00edpad\u011b 1. pojistn\u00e9 ud\u00e1losti sni\u017eov\u00e1n bonus a klient m\u00e1 n\u00e1rok na sn\u00ed\u017een\u00e9 pojistn\u00e9 vybran\u00fdch dopl\u0148kov\u00fdch poji\u0161t\u011bn\u00ed s mo\u017enost\u00ed sjedn\u00e1n\u00ed poji\u0161t\u011bn\u00ed voz\u00edku do 750 kg zdarma.<\/span><\/address>\n<p><em> <\/em><\/p>\n<address style=\"text-align: left;\"><span style=\"color: #993366;\"> <\/span><\/address>\n<p><em> <\/em><\/p>\n<address style=\"text-align: center;\"><span style=\"color: #000080;\"> <\/span><span style=\"color: #000080;\"><br \/>\n<em> <\/em><\/span><\/address>\n<p><em> <\/em><\/p>\n<address style=\"text-align: center;\"><\/address>\n<p><em> <\/em><\/p>\n<address><\/address>\n<p><em> <\/em><\/p>\n<address><span style=\"color: #000080;\"> <\/span> <\/address>\n<h2 style=\"text-align: center;\"><span style=\"color: #000080;\">Dopl\u0148kov\u00e1 poji\u0161t\u011bn\u00ed <\/span><span style=\"color: #000080;\">:<\/span><span style=\"color: #000080;\"> <\/span><span style=\"color: #000080;\"><strong> <\/strong><\/span><\/h2>\n<address style=\"text-align: left;\"><\/address>\n<address style=\"text-align: left;\"><span style=\"color: #993366;\"> 1.) <span style=\"text-decoration: underline;\">POJI\u0160T\u011aN\u00cd SKEL<\/span> &#8211; p\u0159edm\u011btem poji\u0161t\u011bn\u00ed jsou \u010deln\u00ed a v\u0161echna v\u00fdhledov\u00e1 skla vozidla, u autobus\u016f a trolejbus\u016f pouze \u010deln\u00ed skla. Limity poji\u0161t\u011bn\u00ed jsou v rozsahu 5 000,- K\u010d a\u017e 120 000,-K\u010d<\/span><\/address>\n<address style=\"text-align: left;\"><span style=\"color: #993366;\"><br \/>\n<\/span><\/address>\n<address style=\"text-align: left;\"><span style=\"color: #993366;\"> 2.) <\/span><span style=\"color: #993366;\"><span style=\"text-decoration: underline;\">POJI\u0160T\u011aN\u00cd MINIHAV<\/span> &#8211;\u00a0obsahuje odcizen\u00ed cel\u00e9ho vozidla a poji\u0161t\u011bn\u00ed p\u0159\u00edrodn\u00edch rizik\u00a0( \u017eivel, st\u0159et se zv\u011b\u0159\u00ed a po\u0161kozen\u00ed kabel\u00e1\u017ee zv\u00ed\u0159etem ). Limity jsou 25 000,-K\u010d, 50 000,-K\u010d, 75 000,-K\u010d a 100 000,-K\u010d.<\/span><\/address>\n<address style=\"text-align: left;\"><span style=\"color: #993366;\"><br \/>\n<\/span><\/address>\n<address style=\"text-align: left;\"> <\/address>\n<address style=\"text-align: left;\"><span style=\"color: #993366;\">3.)<span style=\"text-decoration: underline;\"> POJI\u0160T\u011aN\u00cd ODCIZEN\u00cd CEL\u00c9HO VOZIDLA<\/span> &#8211; poji\u0161t\u011bn\u00ed se vztahuje pouze na cel\u00e9 vozidlo. Limity pln\u011bn\u00ed jsou: 25 000,-K\u010d, 50 000,-K\u010d, 75 000,-K\u010d, 100 000,-K\u010d, 150 000,-K\u010d, 200 000,-K\u010d.<\/span><\/address>\n<address style=\"text-align: left;\"><span style=\"color: #993366;\"><br \/>\n<\/span><\/address>\n<address style=\"text-align: left;\"> <\/address>\n<address style=\"text-align: left;\"><span style=\"color: #993366;\">4.) <span style=\"text-decoration: underline;\">POJI\u0160T\u011aN\u00cd P\u0158\u00cdRODN\u00cdCH RIZIK<\/span> &#8211; je mo\u017en\u00e9 sjednat ve t\u0159ech variant\u00e1ch:<\/span><\/address>\n<address style=\"text-align: left;\"><span style=\"color: #993366;\"> &#8211; PPR &#8211; \u017eivel + st\u0159et se zv\u011b\u0159\u00ed + po\u0161kozen\u00ed kabel\u00e1\u017ee vozidla zv\u00ed\u0159etem, limity jsou 25 000,-K\u010d, 50 000,-K\u010d, 75 000,-K\u010d, 100 000,-K\u010d.<\/span><\/address>\n<address style=\"text-align: left;\"><span style=\"color: #993366;\"> &#8211; MINIPPR &#8211; \u017eivel + po\u0161kozen\u00ed kabel\u00e1\u017ee vozidla zv\u00ed\u0159etem, limit je pouze 50 000,-K\u010d.<\/span><\/address>\n<address style=\"text-align: left;\"><span style=\"color: #993366;\"> &#8211; MINIPPR &#8211; st\u0159et se zv\u011b\u0159\u00ed &#8211; pouze s limitem 50 000,-K\u010d<\/span><\/address>\n<address style=\"text-align: left;\"><span style=\"color: #993366;\"><br \/>\n<\/span><\/address>\n<address style=\"text-align: left;\"> <\/address>\n<address style=\"text-align: left;\"><span style=\"color: #993366;\">5.) <span style=\"text-decoration: underline;\">POJI\u0160T\u011aN\u00cd ASISTENCE<\/span> &#8211; s\u010d\u00edtaj\u00ed se s limity z povinn\u00e9ho ru\u010den\u00ed a havarijn\u00edho poji\u0161t\u011bn\u00ed. Vztahuje se na \u0161kody p\u0159i nehod\u011b i poru\u0161e vozidla<\/span><\/address>\n<address style=\"text-align: left;\"> <\/address>\n<address style=\"text-align: left;\"><span style=\"color: #993366;\">6.) \u00daRAZOV\u00c9 POJI\u0160T\u011aN\u00cd OSOB VE VOZIDLE &#8211; klient m\u00e1 mo\u017enost sjednat t\u0159i varianty: poji\u0161t\u011bn\u00ed jen \u0159idi\u010de, poji\u0161t\u011bn\u00ed osob na p\u0159edn\u00edch sedadlech a nebo variantu poji\u0161t\u011bn\u00ed v\u0161ech osob.<\/span><\/address>\n<address style=\"text-align: left;\"><span style=\"color: #993366;\"><br \/>\n<\/span><\/address>\n<address style=\"text-align: left;\"> <\/address>\n<address style=\"text-align: left;\"><span style=\"color: #993366;\">7.) <span style=\"text-decoration: underline;\">POJI\u0160T\u011aN\u00cd SERVIS PRO<\/span> -toto poji\u0161t\u011bn\u00ed pokryje vy\u0159\u00edzen\u00ed majetkov\u00e9 \u0161kody v poji\u0161\u0165ovn\u011b vin\u00edka, \u00fahradu \u0161kody v pln\u00e9 v\u00fd\u0161i (ve smluvn\u00edm servise) a poskytnut\u00ed n\u00e1hradn\u00edho vozidla p\u0159i nehod\u011b zavin\u011bn\u00e9 \u0159idi\u010dem jin\u00e9ho vozidla.<\/span><\/address>\n<address style=\"text-align: left;\"> <\/address>\n<address style=\"text-align: left;\"><span style=\"color: #993366;\">8.) POJI\u0160T\u011aN\u00cd N\u00c1KLAD\u016e NA N\u00c1JEM N\u00c1HRADN\u00cdHO VOZIDLA &#8211; p\u0159edm\u011btem poji\u0161t\u011bn\u00ed je \u00fahrada n\u00e1klad\u016f na n\u00e1jem n\u00e1hradn\u00edho vozidla do 3,5 t<\/span><\/address>\n<address style=\"text-align: left;\"> <\/address>\n<address style=\"text-align: left;\"><span style=\"color: #993366;\">9.) POJI\u0160T\u011aN\u00cd ZAVAZADEL -vztahuje se na cestovn\u00ed zavazadla a v\u011bci osobn\u00ed pot\u0159eby<\/span><\/address>\n<address style=\"text-align: left;\"><span style=\"color: #993366;\"><br \/>\n<\/span><\/address>\n<address style=\"text-align: left;\"> <\/address>\n<address style=\"text-align: left;\"><span style=\"color: #993366;\">10.) <span style=\"text-decoration: underline;\">GAP <\/span>&#8211; poji\u0161t\u011bn\u00ed kryje po dobu t\u0159\u00ed let rozd\u00edl mezi po\u0159izovac\u00ed cenou vozidla (= pojistnou \u010d\u00e1stkou) v dob\u011b sjedn\u00e1n\u00ed pojistn\u00e9 smlouvy a obvyklou cenou vozidlav dob\u011b vzniku pojistn\u00e9 ud\u00e1losti. Jen pro vozidla s pojistnou \u010d\u00e1stkou do 2 mil. K\u010d. Nebztahuje se na taxi, autop\u016fj\u010dovny a vozidla s pr\u00e1vem p\u0159ednosti v j\u00edzd\u011b.<\/span><\/address>\n<address style=\"text-align: left;\"><span style=\"color: #993366;\"><br \/>\n<\/span><\/address>\n<address style=\"text-align: left;\"> <\/address>\n<address style=\"text-align: left;\"><span style=\"color: #993366;\">11.) <span style=\"text-decoration: underline;\">POJI\u0160T\u011aN\u00cd \u010cINNOSTI VOZIDLA JAKO PRACOVN\u00cdHO STROJE<\/span> &#8211; p\u0159edm\u011btem poji\u0161t\u011bn\u00ed je vozidlo vybaven\u00e9 p\u0159\u00eddavn\u00fdm za\u0159\u00edzen\u00edm, kter\u00e9 umo\u017e\u0148uje vozidlu pracovn\u00ed \u010dinnost. Poji\u0161t\u011bn\u00ed se nevztahuje na kombajn, autoje\u0159\u00e1b, a lesnick\u00e9 vozidlo k p\u0159\u00edm\u00e9 t\u011b\u017eb\u011b d\u0159eva. Poji\u0161t\u011bn\u00ed lze sjednatpouze v nov\u011b uzav\u00edran\u00e9 smlouv\u011b sou\u010dasn\u011b s havarijn\u00edm poji\u0161t\u011bn\u00edm. Pojistn\u00e1 nebezpe\u010d\u00ed: hav\u00e1rie a \u017eiveln\u00ed ud\u00e1lost, ke kter\u00e9 do\u0161lop\u0159i \u010dinnostivozidla jako pracovn\u00edho stroje, p\u0159evr\u00e1cen\u00ed vozidla p\u0159i \u010dinnosti vozidla jako pracovn\u00edho stroje v\u010detn\u011b jeho manipulace s n\u00e1kladem (p\u0159i pou\u017eit\u00ed hydraulick\u00e9 ruky, skl\u00e1p\u011bn\u00ed).<\/span><\/address>\n<address style=\"text-align: left;\"><span style=\"color: #993366;\"><br \/>\n<\/span><\/address>\n<address style=\"text-align: left;\"> <\/address>\n<address style=\"text-align: left;\"><span style=\"color: #993366;\">12.) <span style=\"text-decoration: underline;\">POJI\u0160T\u011aN\u00cd PORUCHY VYBRAN\u00ddCH AUTOD\u00cdL\u016e<\/span> &#8211; lze sjednat pro vozidla st\u00e1\u0159\u00ed max. 10 let, osobn\u00ed vozidla, u\u017eitkov\u00e1 a n\u00e1kladn\u00ed do 3,5 t a maxim\u00e1ln\u011b\u00a0 200 tis\u00edc najet\u00fdch km. Podm\u00ednkou vyplacen\u00ed pojistn\u00e9ho pln\u011bn\u00ed v p\u0159\u00edpad\u011b poruchy jsou pravideln\u00e9 servisn\u00ed prohl\u00eddky dolo\u017een\u00e9 fakturou s maxim\u00e1ln\u00ed\u00a0 povolenou odchylkou 800 km nebo 28 dn\u00ed. Poji\u0161t\u011bny mohou b\u00fdt dle typu poji\u0161t\u011bn\u00ed RENOVA nebo RENOVA PLUS sou\u010d\u00e1stky motoru, p\u0159evodovky, diferenci\u00e1lu, spojky, brzdy, pohon \u010dty\u0159 kol, palivov\u00e1 soustava, chlad\u00edc\u00ed syst\u00e9m, \u0159\u00edzen\u00ed a elektrick\u00e1 instalace.<\/span><\/address>\n<address style=\"text-align: left;\"><span style=\"color: #993366;\"><br \/>\n<\/span><\/address>\n<address style=\"text-align: left;\"><\/address>\n<address style=\"text-align: left;\"><\/address>\n<h2 style=\"text-align: center;\"><span style=\"color: #000080;\">Havarijn\u00ed poji\u0161t\u011bn\u00ed :<\/span><\/h2>\n<address><span style=\"color: #993366;\">1.) <span style=\"text-decoration: underline;\">ALL RISK<\/span> &#8211; hav\u00e1rie, odcizen\u00ed, \u017eivel a vandalismus<\/span><\/address>\n<address><span style=\"color: #993366;\"><br \/>\n<\/span><\/address>\n<address> <\/address>\n<address><span style=\"color: #993366;\">2.)\u00a0 <span style=\"text-decoration: underline;\">ODCIZEN\u00cd, \u017dIVEL A VANDALISMUS<\/span><br \/>\n<\/span><\/address>\n<p><span style=\"color: #000080;\"><br \/>\n<\/span><\/p>\n<address style=\"TEXT-ALIGN: left\"><\/address>\n<address style=\"TEXT-ALIGN: left\"><span style=\"color: #993366;\"> <\/span><\/address>\n<address style=\"text-align: center;\"><span style=\"color: #993366;\"> <\/span><\/address>\n<address style=\"text-align: center;\"><\/address>\n<address style=\"text-align: center;\"><\/address>\n<address><\/address>\n<address><\/address>\n","protected":false},"excerpt":{"rendered":"<p>Povinn\u00e9 ru\u010den\u00ed\u00a0na osobn\u00ed, n\u00e1kladn\u00ed, jednostop\u00e1 a dal\u0161\u00ed vozidla od \u010cesk\u00e9\u00a0podnikatelsk\u00e9 poji\u0161\u0165ovny\u00a0a.s., Vienna Insurance Group : 1.)\u00a0 SPOROPOV &#8211; povinn\u00e9 ru\u010den\u00ed se z\u00e1kladn\u00edmi limity pojistn\u00e9ho pln\u011bn\u00ed 35\/35 mil. K\u010d pro \u00fajmy na zdrav\u00ed a majetku je ur\u010deno pro majitele v\u0161ech vozidel s v\u00fdjimkou n\u00e1kladn\u00edho automobilu nad 12 t , autobus\u016f nad 5 t a taha\u010de n\u00e1v\u011bs\u016f. [&hellip;]<\/p>\n","protected":false},"author":2,"featured_media":0,"parent":10,"menu_order":1,"comment_status":"open","ping_status":"open","template":"","meta":{"footnotes":""},"class_list":["post-72","page","type-page","status-publish","hentry"],"_links":{"self":[{"href":"https:\/\/www.polakovi.info\/index.php?rest_route=\/wp\/v2\/pages\/72","targetHints":{"allow":["GET"]}}],"collection":[{"href":"https:\/\/www.polakovi.info\/index.php?rest_route=\/wp\/v2\/pages"}],"about":[{"href":"https:\/\/www.polakovi.info\/index.php?rest_route=\/wp\/v2\/types\/page"}],"author":[{"embeddable":true,"href":"https:\/\/www.polakovi.info\/index.php?rest_route=\/wp\/v2\/users\/2"}],"replies":[{"embeddable":true,"href":"https:\/\/www.polakovi.info\/index.php?rest_route=%2Fwp%2Fv2%2Fcomments&post=72"}],"version-history":[{"count":117,"href":"https:\/\/www.polakovi.info\/index.php?rest_route=\/wp\/v2\/pages\/72\/revisions"}],"predecessor-version":[{"id":137,"href":"https:\/\/www.polakovi.info\/index.php?rest_route=\/wp\/v2\/pages\/72\/revisions\/137"}],"up":[{"embeddable":true,"href":"https:\/\/www.polakovi.info\/index.php?rest_route=\/wp\/v2\/pages\/10"}],"wp:attachment":[{"href":"https:\/\/www.polakovi.info\/index.php?rest_route=%2Fwp%2Fv2%2Fmedia&parent=72"}],"curies":[{"name":"wp","href":"https:\/\/api.w.org\/{rel}","templated":true}]}}