{"id":78,"date":"2009-06-12T20:34:16","date_gmt":"2009-06-12T18:34:16","guid":{"rendered":"http:\/\/www.polakovi.info\/?page_id=78"},"modified":"2016-01-06T09:09:12","modified_gmt":"2016-01-06T08:09:12","slug":"zivotni-a-urazove-pojisteni","status":"publish","type":"page","link":"https:\/\/www.polakovi.info\/?page_id=78","title":{"rendered":"&#8211; poji\u0161t\u011bn\u00ed osob"},"content":{"rendered":"<h2 style=\"text-align: center;\"><span style=\"color: #000080;\">FILIP PLUS 2016 &#8211; rizikov\u00e9 a \u00fav\u011brov\u00e9 poji\u0161t\u011bn\u00ed<\/span><\/h2>\n<ul>\n<li><span style=\"color: #993366;\"><em>zabezpe\u010den\u00ed V\u00e1s a Va\u0161\u00ed rodiny<\/em><\/span><\/li>\n<\/ul>\n<p><span style=\"color: #993366;\"> <\/span><\/p>\n<h2 style=\"text-align: center;\"><span style=\"color: #993366;\"><span style=\"color: #000080;\">EVOLUCE a \u0160T\u00cdSTKO (pro d\u011bti) &#8211; investi\u010dn\u00ed \u00a0\u017eivotn\u00ed poji\u0161t\u011bn\u00ed<\/span><\/span><\/h2>\n<ul>\n<li><span style=\"color: #993366;\"><em>Zachov\u00e1v\u00e1 v\u00fdhody klasick\u00e9ho \u017eivotn\u00edho poji\u0161t\u011bn\u00ed, nav\u00edc s mo\u017enost\u00ed rozhodovat v pr\u016fb\u011bhu poji\u0161t\u011bn\u00ed o um\u00edst\u011bn\u00ed placen\u00e9ho pojistn\u00e9ho do portfoli\u00ed (investi\u010dn\u00edch n\u00e1stroj\u016f) z nab\u00eddky pojistitele a podle pohybu cen na finan\u010dn\u00edch trz\u00edch podstatn\u011b ovlivnit m\u00edru jeho zhodnocen\u00ed a v d\u016fsledku toho i v\u00fd\u0161i pojistn\u00e9ho pln\u011bn\u00ed p\u0159i do\u017eit\u00ed<\/em><\/span><\/li>\n<\/ul>\n<h2 style=\"text-align: center;\"><span style=\"color: #000080;\">RIZIKOVKA &#8211; \u00farazov\u00e9\u00a0poji\u0161t\u011bn\u00ed <\/span><\/h2>\n<ul>\n<li><span style=\"color: #993366;\"><em>flexibiln\u00ed poji\u0161t\u011bn\u00ed pro celou rodinu<\/em><\/span><\/li>\n<li><span style=\"color: #993366;\"><em>lze pojistit 2 dosp\u011bl\u00e9 osoby t\u00e9m\u011b\u0159 na shodn\u00e1 \u017eivotn\u00ed i ne\u017eivotn\u00ed rizika<\/em><\/span><\/li>\n<li><span style=\"color: #993366;\"><em>je mo\u017en\u00e9 samostatn\u011b pojistit a\u017e 4 d\u011bti a automaticky zahrnout v r\u00e1mci \u00farazov\u00e9ho poji\u0161t\u011bn\u00ed jedn\u00e9 dosp\u011bl\u00e9 osoby v\u0161echny d\u011bti s definovan\u00fdm vztahem k tomuto dosp\u011bl\u00e9mu.<\/em><\/span><\/li>\n<li><span style=\"color: #993366;\">bonus za beze\u0161kodn\u00ed pr\u016fb\u011bh<\/span><\/li>\n<li><span style=\"color: #993366;\">v\u011brnostn\u00ed bonus<\/span><\/li>\n<li><span style=\"color: #993366;\">slevy na pojistn\u00e9m ze sjednan\u00e9 smlouvy \u017eivotn\u00edho a smlouvu ne\u017eivotn\u00edho poji\u0161t\u011bn\u00ed<\/span><\/li>\n<\/ul>\n<h2 style=\"text-align: center;\"><span style=\"color: #993366;\"><em> <\/em><\/span><\/h2>\n","protected":false},"excerpt":{"rendered":"<p>FILIP PLUS 2016 &#8211; rizikov\u00e9 a \u00fav\u011brov\u00e9 poji\u0161t\u011bn\u00ed zabezpe\u010den\u00ed V\u00e1s a Va\u0161\u00ed rodiny EVOLUCE a \u0160T\u00cdSTKO (pro d\u011bti) &#8211; investi\u010dn\u00ed \u00a0\u017eivotn\u00ed poji\u0161t\u011bn\u00ed Zachov\u00e1v\u00e1 v\u00fdhody klasick\u00e9ho \u017eivotn\u00edho poji\u0161t\u011bn\u00ed, nav\u00edc s mo\u017enost\u00ed rozhodovat v pr\u016fb\u011bhu poji\u0161t\u011bn\u00ed o um\u00edst\u011bn\u00ed placen\u00e9ho pojistn\u00e9ho do portfoli\u00ed (investi\u010dn\u00edch n\u00e1stroj\u016f) z nab\u00eddky pojistitele a podle pohybu cen na finan\u010dn\u00edch trz\u00edch podstatn\u011b ovlivnit m\u00edru [&hellip;]<\/p>\n","protected":false},"author":2,"featured_media":0,"parent":10,"menu_order":4,"comment_status":"open","ping_status":"open","template":"","meta":{"footnotes":""},"class_list":["post-78","page","type-page","status-publish","hentry"],"_links":{"self":[{"href":"https:\/\/www.polakovi.info\/index.php?rest_route=\/wp\/v2\/pages\/78","targetHints":{"allow":["GET"]}}],"collection":[{"href":"https:\/\/www.polakovi.info\/index.php?rest_route=\/wp\/v2\/pages"}],"about":[{"href":"https:\/\/www.polakovi.info\/index.php?rest_route=\/wp\/v2\/types\/page"}],"author":[{"embeddable":true,"href":"https:\/\/www.polakovi.info\/index.php?rest_route=\/wp\/v2\/users\/2"}],"replies":[{"embeddable":true,"href":"https:\/\/www.polakovi.info\/index.php?rest_route=%2Fwp%2Fv2%2Fcomments&post=78"}],"version-history":[{"count":14,"href":"https:\/\/www.polakovi.info\/index.php?rest_route=\/wp\/v2\/pages\/78\/revisions"}],"predecessor-version":[{"id":757,"href":"https:\/\/www.polakovi.info\/index.php?rest_route=\/wp\/v2\/pages\/78\/revisions\/757"}],"up":[{"embeddable":true,"href":"https:\/\/www.polakovi.info\/index.php?rest_route=\/wp\/v2\/pages\/10"}],"wp:attachment":[{"href":"https:\/\/www.polakovi.info\/index.php?rest_route=%2Fwp%2Fv2%2Fmedia&parent=78"}],"curies":[{"name":"wp","href":"https:\/\/api.w.org\/{rel}","templated":true}]}}